{"id":21,"date":"2022-06-13T11:21:57","date_gmt":"2022-06-13T11:21:57","guid":{"rendered":"https:\/\/belsenso.wicandata.no\/?page_id=21"},"modified":"2025-02-10T01:50:13","modified_gmt":"2025-02-10T01:50:13","slug":"lederrekruttering","status":"publish","type":"page","link":"https:\/\/belsenso.com\/en\/hjem\/lederrekruttering\/","title":{"rendered":"Executive Search"},"content":{"rendered":"<div data-elementor-type=\"wp-page\" data-elementor-id=\"21\" class=\"elementor elementor-21\" data-elementor-post-type=\"page\">\n\t\t\t\t\t\t<section class=\"elementor-section elementor-top-section elementor-element elementor-element-a05e9dd elementor-section-full_width elementor-section-height-default elementor-section-height-default\" data-id=\"a05e9dd\" data-element_type=\"section\" data-e-type=\"section\" data-settings=\"{&quot;background_background&quot;:&quot;classic&quot;}\">\n\t\t\t\t\t\t<div class=\"elementor-container elementor-column-gap-default\">\n\t\t\t\t\t<div class=\"elementor-column elementor-col-100 elementor-top-column elementor-element elementor-element-ff6ef37\" data-id=\"ff6ef37\" data-element_type=\"column\" data-e-type=\"column\">\n\t\t\t<div class=\"elementor-widget-wrap elementor-element-populated\">\n\t\t\t\t\t\t<div class=\"elementor-element elementor-element-9149ab8 elementor-widget elementor-widget-heading\" data-id=\"9149ab8\" data-element_type=\"widget\" data-e-type=\"widget\" data-widget_type=\"heading.default\">\n\t\t\t\t<div class=\"elementor-widget-container\">\n\t\t\t\t\t<h2 class=\"elementor-heading-title elementor-size-default\">Executive Search<\/h2>\t\t\t\t<\/div>\n\t\t\t\t<\/div>\n\t\t\t\t<div class=\"elementor-element elementor-element-f25d21b elementor-widget elementor-widget-spacer\" data-id=\"f25d21b\" data-element_type=\"widget\" data-e-type=\"widget\" data-widget_type=\"spacer.default\">\n\t\t\t\t<div class=\"elementor-widget-container\">\n\t\t\t\t\t\t\t<div class=\"elementor-spacer\">\n\t\t\t<div class=\"elementor-spacer-inner\"><\/div>\n\t\t<\/div>\n\t\t\t\t\t\t<\/div>\n\t\t\t\t<\/div>\n\t\t\t\t<div class=\"elementor-element elementor-element-f77b8f5 elementor-widget elementor-widget-text-editor\" data-id=\"f77b8f5\" data-element_type=\"widget\" data-e-type=\"widget\" data-widget_type=\"text-editor.default\">\n\t\t\t\t<div class=\"elementor-widget-container\">\n\t\t\t\t\t\t\t\t\t<p><span style=\"color: #ffffff;\">Enables your strategy through execution power<\/span><\/p>\t\t\t\t\t\t\t\t<\/div>\n\t\t\t\t<\/div>\n\t\t\t\t\t<\/div>\n\t\t<\/div>\n\t\t\t\t\t<\/div>\n\t\t<\/section>\n\t\t\t\t<section class=\"elementor-section elementor-top-section elementor-element elementor-element-6c0458e elementor-section-boxed elementor-section-height-default elementor-section-height-default\" data-id=\"6c0458e\" data-element_type=\"section\" data-e-type=\"section\" data-settings=\"{&quot;background_background&quot;:&quot;classic&quot;}\">\n\t\t\t\t\t\t<div class=\"elementor-container elementor-column-gap-default\">\n\t\t\t\t\t<div class=\"elementor-column elementor-col-50 elementor-top-column elementor-element elementor-element-52db040\" data-id=\"52db040\" data-element_type=\"column\" data-e-type=\"column\">\n\t\t\t<div class=\"elementor-widget-wrap elementor-element-populated\">\n\t\t\t\t\t\t<div class=\"elementor-element elementor-element-0a1d85e elementor-widget elementor-widget-heading\" data-id=\"0a1d85e\" data-element_type=\"widget\" data-e-type=\"widget\" data-widget_type=\"heading.default\">\n\t\t\t\t<div class=\"elementor-widget-container\">\n\t\t\t\t\t<h2 class=\"elementor-heading-title elementor-size-default\">The need<\/h2>\t\t\t\t<\/div>\n\t\t\t\t<\/div>\n\t\t\t\t<div class=\"elementor-element elementor-element-9a87e9d elementor-widget elementor-widget-text-editor\" data-id=\"9a87e9d\" data-element_type=\"widget\" data-e-type=\"widget\" data-widget_type=\"text-editor.default\">\n\t\t\t\t<div class=\"elementor-widget-container\">\n\t\t\t\t\t\t\t\t\t<ul><li style=\"text-align: left;\">Recruitment is becoming increasingly challenging due to a competitive job market and changing skill requirements.<\/li><li style=\"text-align: left;\">Attracting top talent is more complex and crucial for long-term success, making the right hires essential for maintaining a competitive edge and driving growth.<\/li><\/ul>\t\t\t\t\t\t\t\t<\/div>\n\t\t\t\t<\/div>\n\t\t\t\t\t<\/div>\n\t\t<\/div>\n\t\t\t\t<div class=\"elementor-column elementor-col-50 elementor-top-column elementor-element elementor-element-a0f0e1b\" data-id=\"a0f0e1b\" data-element_type=\"column\" data-e-type=\"column\">\n\t\t\t<div class=\"elementor-widget-wrap elementor-element-populated\">\n\t\t\t\t\t\t<div class=\"elementor-element elementor-element-1dbbdf6 elementor-widget elementor-widget-heading\" data-id=\"1dbbdf6\" data-element_type=\"widget\" data-e-type=\"widget\" data-widget_type=\"heading.default\">\n\t\t\t\t<div class=\"elementor-widget-container\">\n\t\t\t\t\t<h2 class=\"elementor-heading-title elementor-size-default\">Our solution<\/h2>\t\t\t\t<\/div>\n\t\t\t\t<\/div>\n\t\t\t\t<div class=\"elementor-element elementor-element-1b0fe2c elementor-widget elementor-widget-text-editor\" data-id=\"1b0fe2c\" data-element_type=\"widget\" data-e-type=\"widget\" data-widget_type=\"text-editor.default\">\n\t\t\t\t<div class=\"elementor-widget-container\">\n\t\t\t\t\t\t\t\t\t<ul><li>With 25 years of experience in our specialized industries, we have developed advanced methods and tools to provide detailed insights into candidates' abilities for both current roles and future growth.<\/li><li>Through our extensive network, we identify and attract the right talent quickly and efficiently.<\/li><li>Our recruitment process is carried out in close collaboration with our clients, taking into account commercial, organizational, and cultural factors.<\/li><\/ul>\t\t\t\t\t\t\t\t<\/div>\n\t\t\t\t<\/div>\n\t\t\t\t\t<\/div>\n\t\t<\/div>\n\t\t\t\t\t<\/div>\n\t\t<\/section>\n\t\t\t\t<section class=\"elementor-section elementor-top-section elementor-element elementor-element-59bfad7 elementor-section-boxed elementor-section-height-default elementor-section-height-default\" data-id=\"59bfad7\" data-element_type=\"section\" data-e-type=\"section\" data-settings=\"{&quot;background_background&quot;:&quot;classic&quot;}\">\n\t\t\t\t\t\t<div class=\"elementor-container elementor-column-gap-default\">\n\t\t\t\t\t<div class=\"elementor-column elementor-col-100 elementor-top-column elementor-element elementor-element-c38a9b5\" data-id=\"c38a9b5\" data-element_type=\"column\" data-e-type=\"column\">\n\t\t\t<div class=\"elementor-widget-wrap elementor-element-populated\">\n\t\t\t\t\t\t<div class=\"elementor-element elementor-element-30c6537 elementor-widget elementor-widget-heading\" data-id=\"30c6537\" data-element_type=\"widget\" data-e-type=\"widget\" data-widget_type=\"heading.default\">\n\t\t\t\t<div class=\"elementor-widget-container\">\n\t\t\t\t\t<h2 class=\"elementor-heading-title elementor-size-default\">Our process<\/h2>\t\t\t\t<\/div>\n\t\t\t\t<\/div>\n\t\t\t\t<div class=\"elementor-element elementor-element-4de9b28 elementor-widget elementor-widget-timeline-widget-addon\" data-id=\"4de9b28\" data-element_type=\"widget\" data-e-type=\"widget\" data-widget_type=\"timeline-widget-addon.default\">\n\t\t\t\t<div class=\"elementor-widget-container\">\n\t\t\t\t\t<!-- ========= Timeline Widget Addon For Elementor 1.6.24 ========= -->\n<div id=\"twae-wrapper-4de9b28\" class=\"twae-vertical twae-wrapper  twae-both-sided\">   \n    <div class=\"twae-start\"><\/div>    \n    <div id=\"twea-timeline-4de9b28\" class=\"twae-timeline\" ><!-- Start of Story Repeater Content --><div id=\"story-988f4f6\" class=\"twae-story twae-repeater-item twae-story-right twae-story-no-icon\"><!-- Story Icon Dot --><div class=\"twae-icondot\"><\/div><!-- Story Arrow --><div class=\"twae-arrow\"><\/div><!-- Start of Story Content --><div class=\"twae-content\"><!-- Story Title --><div class=\"twae-title\">Company and role analysis<\/div><\/div><\/div><!-- Start of Story Repeater Content --><div id=\"story-d1db980\" class=\"twae-story twae-repeater-item twae-story-left twae-story-no-icon\"><!-- Story Icon Dot --><div class=\"twae-icondot\"><\/div><!-- Story Arrow --><div class=\"twae-arrow\"><\/div><!-- Start of Story Content --><div class=\"twae-content\"><!-- Story Title --><div class=\"twae-title\">Candidate search<\/div><\/div><\/div><!-- Start of Story Repeater Content --><div id=\"story-1eda6ca\" class=\"twae-story twae-repeater-item twae-story-right twae-story-no-icon\"><!-- Story Icon Dot --><div class=\"twae-icondot\"><\/div><!-- Story Arrow --><div class=\"twae-arrow\"><\/div><!-- Start of Story Content --><div class=\"twae-content\"><!-- Story Title --><div class=\"twae-title\">Initial interviews<\/div><\/div><\/div><!-- Start of Story Repeater Content --><div id=\"story-f71da4b\" class=\"twae-story twae-repeater-item twae-story-left twae-story-no-icon\"><!-- Story Icon Dot --><div class=\"twae-icondot\"><\/div><!-- Story Arrow --><div class=\"twae-arrow\"><\/div><!-- Start of Story Content --><div class=\"twae-content\"><!-- Story Title --><div class=\"twae-title\">Tests and background check<\/div><\/div><\/div><!-- Start of Story Repeater Content --><div id=\"story-574e3b7\" class=\"twae-story twae-repeater-item twae-story-right twae-story-no-icon\"><!-- Story Icon Dot --><div class=\"twae-icondot\"><\/div><!-- Story Arrow --><div class=\"twae-arrow\"><\/div><!-- Start of Story Content --><div class=\"twae-content\"><!-- Story Title --><div class=\"twae-title\">In-depth interviews<\/div><\/div><\/div><!-- Start of Story Repeater Content --><div id=\"story-bc37a3c\" class=\"twae-story twae-repeater-item twae-story-left twae-story-no-icon\"><!-- Story Icon Dot --><div class=\"twae-icondot\"><\/div><!-- Story Arrow --><div class=\"twae-arrow\"><\/div><!-- Start of Story Content --><div class=\"twae-content\"><!-- Story Title --><div class=\"twae-title\">Reference check<\/div><\/div><\/div><!-- Start of Story Repeater Content --><div id=\"story-4fc2fda\" class=\"twae-story twae-repeater-item twae-story-right twae-story-no-icon\"><!-- Story Icon Dot --><div class=\"twae-icondot\"><\/div><!-- Story Arrow --><div class=\"twae-arrow\"><\/div><!-- Start of Story Content --><div class=\"twae-content\"><!-- Story Title --><div class=\"twae-title\">Conclusion<\/div><\/div><\/div><!-- Start of Story Repeater Content --><div id=\"story-5534ea1\" class=\"twae-story twae-repeater-item twae-story-left twae-story-no-icon\"><!-- Story Icon Dot --><div class=\"twae-icondot\"><\/div><!-- Story Arrow --><div class=\"twae-arrow\"><\/div><!-- Start of Story Content --><div class=\"twae-content\"><!-- Story Title --><div class=\"twae-title\">Follow-up<\/div><\/div><\/div><\/div>\n    <div class=\"twae-end\"><\/div>\n    <\/div><style type=\"text\/css\">@media (max-width: 1024px){ .twae-wrapper{--tw-ybx-size: 80px !important;}}@media (max-width: 767px){ .twae-wrapper{--tw-ybx-size: 80px !important}}<\/style>\t\t\t\t<\/div>\n\t\t\t\t<\/div>\n\t\t\t\t\t<\/div>\n\t\t<\/div>\n\t\t\t\t\t<\/div>\n\t\t<\/section>\n\t\t\t\t<\/div>","protected":false},"excerpt":{"rendered":"<p>Lederrekruttering Forsterker din strategi med gjennomf\u00f8ringskraft Behovet Rekruttering blir stadig vanskeligere p\u00e5 grunn av et konkurranseutsatt arbeidsmarked og skiftende kompetansekrav. \u00c5 tiltrekke topptalenter er mer komplekst og avgj\u00f8rende for langsiktig suksess, noe som gj\u00f8r riktig ansettelse avgj\u00f8rende for \u00e5 opprettholde et konkurransefortrinn og drive vekst. V\u00e5r l\u00f8sning Med 25 \u00e5rs erfaring innen v\u00e5re tjenesteytende bransjer [&hellip;]<\/p>\n","protected":false},"author":1,"featured_media":0,"parent":19,"menu_order":1,"comment_status":"closed","ping_status":"closed","template":"elementor_header_footer","meta":{"footnotes":""},"class_list":["post-21","page","type-page","status-publish","hentry"],"_links":{"self":[{"href":"https:\/\/belsenso.com\/en\/wp-json\/wp\/v2\/pages\/21","targetHints":{"allow":["GET"]}}],"collection":[{"href":"https:\/\/belsenso.com\/en\/wp-json\/wp\/v2\/pages"}],"about":[{"href":"https:\/\/belsenso.com\/en\/wp-json\/wp\/v2\/types\/page"}],"author":[{"embeddable":true,"href":"https:\/\/belsenso.com\/en\/wp-json\/wp\/v2\/users\/1"}],"replies":[{"embeddable":true,"href":"https:\/\/belsenso.com\/en\/wp-json\/wp\/v2\/comments?post=21"}],"version-history":[{"count":182,"href":"https:\/\/belsenso.com\/en\/wp-json\/wp\/v2\/pages\/21\/revisions"}],"predecessor-version":[{"id":2238,"href":"https:\/\/belsenso.com\/en\/wp-json\/wp\/v2\/pages\/21\/revisions\/2238"}],"up":[{"embeddable":true,"href":"https:\/\/belsenso.com\/en\/wp-json\/wp\/v2\/pages\/19"}],"wp:attachment":[{"href":"https:\/\/belsenso.com\/en\/wp-json\/wp\/v2\/media?parent=21"}],"curies":[{"name":"wp","href":"https:\/\/api.w.org\/{rel}","templated":true}]}}