{"id":23,"date":"2022-06-13T11:22:11","date_gmt":"2022-06-13T11:22:11","guid":{"rendered":"https:\/\/belsenso.wicandata.no\/?page_id=23"},"modified":"2025-02-10T01:50:56","modified_gmt":"2025-02-10T01:50:56","slug":"executive-assessment","status":"publish","type":"page","link":"https:\/\/belsenso.com\/en\/hjem\/executive-assessment\/","title":{"rendered":"Leadership Assessment"},"content":{"rendered":"<div data-elementor-type=\"wp-page\" data-elementor-id=\"23\" class=\"elementor elementor-23\" data-elementor-post-type=\"page\">\n\t\t\t\t\t\t<section class=\"elementor-section elementor-top-section elementor-element elementor-element-f49fc23 elementor-section-full_width elementor-section-height-default elementor-section-height-default\" data-id=\"f49fc23\" data-element_type=\"section\" data-e-type=\"section\" data-settings=\"{&quot;background_background&quot;:&quot;classic&quot;}\">\n\t\t\t\t\t\t<div class=\"elementor-container elementor-column-gap-default\">\n\t\t\t\t\t<div class=\"elementor-column elementor-col-100 elementor-top-column elementor-element elementor-element-28cbde3\" data-id=\"28cbde3\" data-element_type=\"column\" data-e-type=\"column\">\n\t\t\t<div class=\"elementor-widget-wrap elementor-element-populated\">\n\t\t\t\t\t\t<div class=\"elementor-element elementor-element-7eec236c elementor-widget elementor-widget-heading\" data-id=\"7eec236c\" data-element_type=\"widget\" data-e-type=\"widget\" data-widget_type=\"heading.default\">\n\t\t\t\t<div class=\"elementor-widget-container\">\n\t\t\t\t\t<h2 class=\"elementor-heading-title elementor-size-default\">Leadership Assessment<\/h2>\t\t\t\t<\/div>\n\t\t\t\t<\/div>\n\t\t\t\t<div class=\"elementor-element elementor-element-698120a elementor-widget elementor-widget-spacer\" data-id=\"698120a\" data-element_type=\"widget\" data-e-type=\"widget\" data-widget_type=\"spacer.default\">\n\t\t\t\t<div class=\"elementor-widget-container\">\n\t\t\t\t\t\t\t<div class=\"elementor-spacer\">\n\t\t\t<div class=\"elementor-spacer-inner\"><\/div>\n\t\t<\/div>\n\t\t\t\t\t\t<\/div>\n\t\t\t\t<\/div>\n\t\t\t\t<div class=\"elementor-element elementor-element-171ff5f3 elementor-widget elementor-widget-text-editor\" data-id=\"171ff5f3\" data-element_type=\"widget\" data-e-type=\"widget\" data-widget_type=\"text-editor.default\">\n\t\t\t\t<div class=\"elementor-widget-container\">\n\t\t\t\t\t\t\t\t\t<p style=\"text-align: center;\" class=\"translation-block\">We evaluate and develop managers and management teams so our clients can execute their strategies and reach their goals.<\/p>\t\t\t\t\t\t\t\t<\/div>\n\t\t\t\t<\/div>\n\t\t\t\t\t<\/div>\n\t\t<\/div>\n\t\t\t\t\t<\/div>\n\t\t<\/section>\n\t\t\t\t<section class=\"elementor-section elementor-top-section elementor-element elementor-element-965bacb elementor-section-boxed elementor-section-height-default elementor-section-height-default\" data-id=\"965bacb\" data-element_type=\"section\" data-e-type=\"section\" data-settings=\"{&quot;background_background&quot;:&quot;classic&quot;}\">\n\t\t\t\t\t\t<div class=\"elementor-container elementor-column-gap-default\">\n\t\t\t\t\t<div class=\"elementor-column elementor-col-50 elementor-top-column elementor-element elementor-element-ba76459\" data-id=\"ba76459\" data-element_type=\"column\" data-e-type=\"column\">\n\t\t\t<div class=\"elementor-widget-wrap elementor-element-populated\">\n\t\t\t\t\t\t<div class=\"elementor-element elementor-element-ee3e102 elementor-widget elementor-widget-heading\" data-id=\"ee3e102\" data-element_type=\"widget\" data-e-type=\"widget\" data-widget_type=\"heading.default\">\n\t\t\t\t<div class=\"elementor-widget-container\">\n\t\t\t\t\t<h2 class=\"elementor-heading-title elementor-size-default\">The need<\/h2>\t\t\t\t<\/div>\n\t\t\t\t<\/div>\n\t\t\t\t<div class=\"elementor-element elementor-element-60bd548 elementor-widget elementor-widget-text-editor\" data-id=\"60bd548\" data-element_type=\"widget\" data-e-type=\"widget\" data-widget_type=\"text-editor.default\">\n\t\t\t\t<div class=\"elementor-widget-container\">\n\t\t\t\t\t\t\t\t\t<ul><li class=\"p1\">Effektiv ledervurdering er avgj\u00f8rende for \u00e5 samkj\u00f8re lederegenskaper med organisasjonsm\u00e5l.<\/li><li class=\"p1\">I tillegg hjelper det med \u00e5 identifisere potensielle ledere, og sikrer en pipeline av dyktige individer for fremtidig vekst og kontinuitet, noe som er avgj\u00f8rende i dagens raskt skiftende forretningsmilj\u00f8.<\/li><\/ul>\t\t\t\t\t\t\t\t<\/div>\n\t\t\t\t<\/div>\n\t\t\t\t\t<\/div>\n\t\t<\/div>\n\t\t\t\t<div class=\"elementor-column elementor-col-50 elementor-top-column elementor-element elementor-element-4b6415c\" data-id=\"4b6415c\" data-element_type=\"column\" data-e-type=\"column\">\n\t\t\t<div class=\"elementor-widget-wrap elementor-element-populated\">\n\t\t\t\t\t\t<div class=\"elementor-element elementor-element-46fc63b elementor-widget elementor-widget-heading\" data-id=\"46fc63b\" data-element_type=\"widget\" data-e-type=\"widget\" data-widget_type=\"heading.default\">\n\t\t\t\t<div class=\"elementor-widget-container\">\n\t\t\t\t\t<h2 class=\"elementor-heading-title elementor-size-default\">Our solution<\/h2>\t\t\t\t<\/div>\n\t\t\t\t<\/div>\n\t\t\t\t<div class=\"elementor-element elementor-element-7d5deb7 elementor-widget elementor-widget-text-editor\" data-id=\"7d5deb7\" data-element_type=\"widget\" data-e-type=\"widget\" data-widget_type=\"text-editor.default\">\n\t\t\t\t<div class=\"elementor-widget-container\">\n\t\t\t\t\t\t\t\t\t<ul><li class=\"p1\">Vi vurderer ledernes kompetanse basert p\u00e5 kundens strategi, og sikrer en positiv og motiverende prosess.<\/li><li class=\"p1\">V\u00e5r klare og grundige metode gir detaljerte rapporter om styrker og forbedringsomr\u00e5der.<\/li><li class=\"p1\">Kunder f\u00e5r verdifull innsikt og skreddersydde r\u00e5d, til fordel for valgkomiteer, styrer, ledergrupper, daglig ledelse og mellomledelse.<\/li><\/ul>\t\t\t\t\t\t\t\t<\/div>\n\t\t\t\t<\/div>\n\t\t\t\t\t<\/div>\n\t\t<\/div>\n\t\t\t\t\t<\/div>\n\t\t<\/section>\n\t\t\t\t<section class=\"elementor-section elementor-top-section elementor-element elementor-element-76c989f elementor-section-boxed elementor-section-height-default elementor-section-height-default\" data-id=\"76c989f\" data-element_type=\"section\" data-e-type=\"section\" data-settings=\"{&quot;background_background&quot;:&quot;classic&quot;}\">\n\t\t\t\t\t\t<div class=\"elementor-container elementor-column-gap-default\">\n\t\t\t\t\t<div class=\"elementor-column elementor-col-100 elementor-top-column elementor-element elementor-element-315d5b1\" data-id=\"315d5b1\" data-element_type=\"column\" data-e-type=\"column\">\n\t\t\t<div class=\"elementor-widget-wrap elementor-element-populated\">\n\t\t\t\t\t\t<div class=\"elementor-element elementor-element-772a663 elementor-widget elementor-widget-heading\" data-id=\"772a663\" data-element_type=\"widget\" data-e-type=\"widget\" data-widget_type=\"heading.default\">\n\t\t\t\t<div class=\"elementor-widget-container\">\n\t\t\t\t\t<h2 class=\"elementor-heading-title elementor-size-default\">Our process<\/h2>\t\t\t\t<\/div>\n\t\t\t\t<\/div>\n\t\t\t\t<div class=\"elementor-element elementor-element-304beeb elementor-widget elementor-widget-timeline-widget-addon\" data-id=\"304beeb\" data-element_type=\"widget\" data-e-type=\"widget\" data-widget_type=\"timeline-widget-addon.default\">\n\t\t\t\t<div class=\"elementor-widget-container\">\n\t\t\t\t\t<!-- ========= Timeline Widget Addon For Elementor 1.6.24 ========= -->\n<div id=\"twae-wrapper-304beeb\" class=\"twae-vertical twae-wrapper  twae-both-sided\">   \n    <div class=\"twae-start\"><\/div>    \n    <div id=\"twea-timeline-304beeb\" class=\"twae-timeline\" ><!-- Start of Story Repeater Content --><div id=\"story-bc48466\" class=\"twae-story twae-repeater-item twae-story-right twae-story-no-icon\"><!-- Story Icon Dot --><div class=\"twae-icondot\"><\/div><!-- Story Arrow --><div class=\"twae-arrow\"><\/div><!-- Start of Story Content --><div class=\"twae-content\"><!-- Story Title --><div class=\"twae-title\">Planning and analysis<\/div><\/div><\/div><!-- Start of Story Repeater Content --><div id=\"story-b656887\" class=\"twae-story twae-repeater-item twae-story-left twae-story-no-icon\"><!-- Story Icon Dot --><div class=\"twae-icondot\"><\/div><!-- Story Arrow --><div class=\"twae-arrow\"><\/div><!-- Start of Story Content --><div class=\"twae-content\"><!-- Story Title --><div class=\"twae-title\">Communication and project management<\/div><\/div><\/div><!-- Start of Story Repeater Content --><div id=\"story-b18c797\" class=\"twae-story twae-repeater-item twae-story-right twae-story-no-icon\"><!-- Story Icon Dot --><div class=\"twae-icondot\"><\/div><!-- Story Arrow --><div class=\"twae-arrow\"><\/div><!-- Start of Story Content --><div class=\"twae-content\"><!-- Story Title --><div class=\"twae-title\">Reports and feedback<\/div><\/div><\/div><!-- Start of Story Repeater Content --><div id=\"story-cbe72fe\" class=\"twae-story twae-repeater-item twae-story-left twae-story-no-icon\"><!-- Story Icon Dot --><div class=\"twae-icondot\"><\/div><!-- Story Arrow --><div class=\"twae-arrow\"><\/div><!-- Start of Story Content --><div class=\"twae-content\"><!-- Story Title --><div class=\"twae-title\">Follow-up<\/div><\/div><\/div><!-- Start of Story Repeater Content --><div id=\"story-601a7fa\" class=\"twae-story twae-repeater-item twae-story-right twae-story-no-icon\"><!-- Story Icon Dot --><div class=\"twae-icondot\"><\/div><!-- Story Arrow --><div class=\"twae-arrow\"><\/div><!-- Start of Story Content --><div class=\"twae-content\"><!-- Story Title --><div class=\"twae-title\">Conclusion<\/div><\/div><\/div><\/div>\n    <div class=\"twae-end\"><\/div>\n    <\/div><style type=\"text\/css\">@media (max-width: 1024px){ .twae-wrapper{--tw-ybx-size: 80px !important;}}@media (max-width: 767px){ .twae-wrapper{--tw-ybx-size: 80px !important}}<\/style>\t\t\t\t<\/div>\n\t\t\t\t<\/div>\n\t\t\t\t\t<\/div>\n\t\t<\/div>\n\t\t\t\t\t<\/div>\n\t\t<\/section>\n\t\t\t\t<\/div>","protected":false},"excerpt":{"rendered":"<p>Lederevaluering Vi evaluerer og utvikler ledere og ledergrupperfor at v\u00e5re kunder skal oppfylle sine m\u00e5l og strategier Behovet Effektiv ledervurdering er avgj\u00f8rende for \u00e5 samkj\u00f8re lederegenskaper med organisasjonsm\u00e5l. I tillegg hjelper det med \u00e5 identifisere potensielle ledere, og sikrer en pipeline av dyktige individer for fremtidig vekst og kontinuitet, noe som er avgj\u00f8rende i dagens [&hellip;]<\/p>\n","protected":false},"author":1,"featured_media":0,"parent":19,"menu_order":2,"comment_status":"closed","ping_status":"closed","template":"elementor_header_footer","meta":{"footnotes":""},"class_list":["post-23","page","type-page","status-publish","hentry"],"_links":{"self":[{"href":"https:\/\/belsenso.com\/en\/wp-json\/wp\/v2\/pages\/23","targetHints":{"allow":["GET"]}}],"collection":[{"href":"https:\/\/belsenso.com\/en\/wp-json\/wp\/v2\/pages"}],"about":[{"href":"https:\/\/belsenso.com\/en\/wp-json\/wp\/v2\/types\/page"}],"author":[{"embeddable":true,"href":"https:\/\/belsenso.com\/en\/wp-json\/wp\/v2\/users\/1"}],"replies":[{"embeddable":true,"href":"https:\/\/belsenso.com\/en\/wp-json\/wp\/v2\/comments?post=23"}],"version-history":[{"count":184,"href":"https:\/\/belsenso.com\/en\/wp-json\/wp\/v2\/pages\/23\/revisions"}],"predecessor-version":[{"id":2242,"href":"https:\/\/belsenso.com\/en\/wp-json\/wp\/v2\/pages\/23\/revisions\/2242"}],"up":[{"embeddable":true,"href":"https:\/\/belsenso.com\/en\/wp-json\/wp\/v2\/pages\/19"}],"wp:attachment":[{"href":"https:\/\/belsenso.com\/en\/wp-json\/wp\/v2\/media?parent=23"}],"curies":[{"name":"wp","href":"https:\/\/api.w.org\/{rel}","templated":true}]}}